{"id":44,"date":"2021-09-07T14:56:41","date_gmt":"2021-09-07T14:56:41","guid":{"rendered":"https:\/\/gpao-tunisie.o2splus.com.tn\/sage-tunisie\/?page_id=44"},"modified":"2021-09-08T10:47:52","modified_gmt":"2021-09-08T10:47:52","slug":"generalites","status":"publish","type":"page","link":"https:\/\/gpao-tunisie.o2splus.com.tn\/sage-tunisie\/generalites\/","title":{"rendered":"G\u00e9n\u00e9ralit\u00e9s"},"content":{"rendered":"\n\n\n\nG\u00c9N\u00c9RALIT\u00c9S SUR LA GPAO\n\n\nD\u00e9finition de la GPAO\nLa gestion de production est un ensemble d&rsquo;actions compl\u00e9mentaires, organis\u00e9 et structur\u00e9, visant la satisfaction des clients.\nObjectifs et enjeux\nDans une entreprise, la coordination des services va \u00eatre confront\u00e9e \u00e0 :&nbsp;<p><ul><li>&nbsp;Un volume d&rsquo;informations tr\u00e8s important&nbsp;<\/li><li>&nbsp;Une vari\u00e9t\u00e9 d&rsquo;information tr\u00e8s large&nbsp;<\/li><li>Des d\u00e9lais de traitement courts&nbsp;<\/li><li>Un haut niveau de fiabilit\u00e9 dans les r\u00e9sultats obtenus&nbsp;<\/li><li>Une actualisation souple et fr\u00e9quente des donn\u00e9es&nbsp;<\/li><li>Des co\u00fbts d&rsquo;obtention des informations&nbsp;<\/li><li>La p\u00e9riodicit\u00e9 des calculs \u00e0 r\u00e9aliser\nLe facteur temps et la fiabilit\u00e9 de l&rsquo;information deviennent des param\u00e8tres pr\u00e9pond\u00e9rants dans les r\u00e9ponses \u00e0 tous les niveaux d\u00e9cisionnels.\nToutes ces raisons n\u00e9cessitent d&rsquo;avoir recours \u00e0 l&rsquo;assistance de l&rsquo;informatique.\nLa gestion de production devient donc assist\u00e9e par ordinateur.<\/li><\/ul><\/p>\nLe projet GPAO\nLes relations entre les diff\u00e9rentes fonctions de l&rsquo;entreprise sont d&rsquo;autant plus complexes que les int\u00e9r\u00eats de chacune sont oppos\u00e9es.\nPour la fonction commerciale, il faut vendre le plus possible, et satisfaire le client. Pour la fonction production, il faut satisfaire les demandes du commercial, moyennant des possibilit\u00e9s de production limit\u00e9es.\nDes situations conflictuelles naissent entre la fonction achat et la fonction production de la d\u00e9termination des conditions d&rsquo;approvisionnement : du c\u00f4t\u00e9 production, on souhaite disposer d&rsquo;approvisionnement de qualit\u00e9 dans les meilleurs d\u00e9lais et du c\u00f4t\u00e9 achat, on cherche \u00e0 faire rentrer des produits au meilleur co\u00fbt et le plus tard possible pour diminuer les stocks et pour regrouper le maximum de commandes.\nCes conflits engendrent des r\u00e9percussions tr\u00e8s graves sur la production et par cons\u00e9quent sur l&rsquo;ensemble de l&rsquo;entreprise.\nIl faut en conclure que la mise en place d&rsquo;une GPAO doit s&rsquo;accompagner d&rsquo;une r\u00e9flexion regroupant tous les services : c&rsquo;est l&rsquo;\u00e9quipe de projet GPAO.\nL&rsquo;\u00e9quipe GPAO pourra \u00eatre constitu\u00e9e par exemple de :&nbsp;<p><ul><li>&nbsp;Un responsable du service qualit\u00e9&nbsp;<\/li><li>Un responsable informatique&nbsp;<\/li><li>Et selon les th\u00e8mes abord\u00e9s lors des r\u00e9unions de travail, on fera intervenir :&nbsp;<\/li><li>Un responsable des ventes&nbsp;<\/li><li>Un responsable de bureau d&rsquo;\u00e9tude&nbsp;<\/li><li>Un responsable de la production&nbsp;<\/li><li>Un responsable des achats\nMais dans tous les cas, le projet GPAO de l&rsquo;entreprise doit \u00eatre une volont\u00e9 de la Direction !<\/li><\/ul><\/p>\nLes progiciels standards\nBeaucoup d&rsquo;entreprises affirment que leur cas est unique et qu&rsquo;elles ont besoin d&rsquo;un logiciel de GPAO \u00e9tudi\u00e9 sp\u00e9cialement \u00e0 leur mesure.\nPourtant, les progiciels standards de GPAO ont fait leurs preuves dans le monde industriel.\nL&rsquo;int\u00e9r\u00eat que repr\u00e9sente un progiciel standard, par rapport \u00e0 une application sp\u00e9cifique, est repr\u00e9sent\u00e9 par les param\u00e8tres suivants :&nbsp;<p><ul><li>Economie de temps de d\u00e9veloppement<\/li><li>&nbsp;Moindre co\u00fbt&nbsp;<\/li><li>Fonctionnalit\u00e9s \u00e9tudi\u00e9es et test\u00e9es en grandeur r\u00e9elle et am\u00e9lior\u00e9es en fonction des constats r\u00e9alis\u00e9s par les utilisateurs&nbsp;<\/li><li>Compatibilit\u00e9 avec d&rsquo;autres applications&nbsp;<\/li><\/ul><\/p><p>Maintenance et \u00e9volution possibles\nCependant, le progiciel n\u00e9cessite souvent de l\u00e9g\u00e8res adaptations en fonction des sp\u00e9cificit\u00e9s de l&rsquo;acqu\u00e9reur. Celui-ci devra donc offrir des possibilit\u00e9s de param\u00e9trages.\nPar ailleurs, la mise en \u0153uvre d&rsquo;un logiciel standard permettra \u00e0 l&rsquo;entreprise de \u00ab\u00a0mettre \u00e0 plat\u00a0\u00bb ses m\u00e9thodes habituelles de gestion et pourra reconna\u00eetre finalement que son activit\u00e9 peut reposer sur des nouvelles m\u00e9thodes de gestion classiques, mais \u00e9prouv\u00e9es.<\/p>\n\n\n","protected":false},"excerpt":{"rendered":"","protected":false},"author":1,"featured_media":0,"parent":0,"menu_order":0,"comment_status":"closed","ping_status":"closed","template":"","meta":{"pagelayer_contact_templates":[],"_pagelayer_content":"","footnotes":""},"class_list":["post-44","page","type-page","status-publish","hentry"],"_links":{"self":[{"href":"https:\/\/gpao-tunisie.o2splus.com.tn\/sage-tunisie\/wp-json\/wp\/v2\/pages\/44","targetHints":{"allow":["GET"]}}],"collection":[{"href":"https:\/\/gpao-tunisie.o2splus.com.tn\/sage-tunisie\/wp-json\/wp\/v2\/pages"}],"about":[{"href":"https:\/\/gpao-tunisie.o2splus.com.tn\/sage-tunisie\/wp-json\/wp\/v2\/types\/page"}],"author":[{"embeddable":true,"href":"https:\/\/gpao-tunisie.o2splus.com.tn\/sage-tunisie\/wp-json\/wp\/v2\/users\/1"}],"replies":[{"embeddable":true,"href":"https:\/\/gpao-tunisie.o2splus.com.tn\/sage-tunisie\/wp-json\/wp\/v2\/comments?post=44"}],"version-history":[{"count":10,"href":"https:\/\/gpao-tunisie.o2splus.com.tn\/sage-tunisie\/wp-json\/wp\/v2\/pages\/44\/revisions"}],"predecessor-version":[{"id":139,"href":"https:\/\/gpao-tunisie.o2splus.com.tn\/sage-tunisie\/wp-json\/wp\/v2\/pages\/44\/revisions\/139"}],"wp:attachment":[{"href":"https:\/\/gpao-tunisie.o2splus.com.tn\/sage-tunisie\/wp-json\/wp\/v2\/media?parent=44"}],"curies":[{"name":"wp","href":"https:\/\/api.w.org\/{rel}","templated":true}]}}