{"id":50,"date":"2021-09-07T14:58:07","date_gmt":"2021-09-07T14:58:07","guid":{"rendered":"https:\/\/gpao-tunisie.o2splus.com.tn\/sage-tunisie\/?page_id=50"},"modified":"2021-09-08T15:47:11","modified_gmt":"2021-09-08T15:47:11","slug":"les-nomenclatures","status":"publish","type":"page","link":"https:\/\/gpao-tunisie.o2splus.com.tn\/sage-tunisie\/les-nomenclatures\/","title":{"rendered":"Les nomenclatures"},"content":{"rendered":"\n\n\n\nLES NOMENCLATURES\n\n\nCe chapitre comporte \u00e9galement une page sur les cas d&#8217;emplois.\nApr\u00e8s la codification des articles, un deuxi\u00e8me outil th\u00e9orique puissant s&rsquo;impose comme une \u00e9tape indispensable dans le projet GPAO : la construction des nomenclatures.\nCompos\u00e9, composant, lien\nUne nomenclature \u00e9l\u00e9mentaire est au minimum constitu\u00e9e d&rsquo;un compos\u00e9 et d&rsquo;un composant.\n\nLa quantit\u00e9 de lien est la quantit\u00e9 de composant n\u00e9cessaire pour obtenir une unit\u00e9 du compos\u00e9.\n\n\n\n\n\n\n\n\n\n\n\n\nLes notions de compos\u00e9 et de composant sont relatives au niveau de l&rsquo;article et ne concernent qu&rsquo;un lien en particulier. A l&rsquo;int\u00e9rieur d&rsquo;une nomenclature multi-niveau, un article peut \u00eatre en m\u00eame temps compos\u00e9 et composant.&nbsp;<p><strong>&nbsp;Note : D\u00e8s qu&rsquo;un changement d&rsquo;\u00e9tat (transformation, usinage&#8230;) implique un changement de code article, ce changement d&rsquo;\u00e9tat peut et doit \u00eatre mod\u00e9lis\u00e9 par une nomenclature.<\/strong><\/p>\nNotion de niveau et de Low Level Code\n\nLe niveau d&rsquo;un article situe cette pi\u00e8ce dans la nomenclature, il indique \u00e0 quelle \u00e9tape on se trouve dans l&rsquo;\u00e9laboration du produit. Il refl\u00e8te la complexit\u00e9 de la pi\u00e8ce, ainsi que le chemin \u00e0 parcourir pour atteindre le produit fini.&nbsp;<p>Le produit fini (qui n&rsquo;entre dans aucun compos\u00e9) est consid\u00e9r\u00e9 de plus haut niveau (niveau 1) et les composants sont de niveaux 2, 3, 4, ainsi de suite jusqu&rsquo;au niveau des composants et mati\u00e8res premi\u00e8res \u00e9l\u00e9mentaires.&nbsp;<\/p><p>Le plus bas niveau correspond au num\u00e9ro le plus \u00e9lev\u00e9 que l&rsquo;article atteindra dans une nomenclature. En consid\u00e9rant toutes les nomenclatures de l&rsquo;entreprise, le plus bas niveau le plus \u00e9lev\u00e9 s&rsquo;appelle le plus bas niveau de l&rsquo;entreprise. Ce plus bas niveau est \u00e9galement d\u00e9sign\u00e9 par le terme anglo-saxon de \u00ab\u00a0Low Level Code\u00a0\u00bb.&nbsp;<\/p><p>Dans la plupart des entreprises, le nombre de niveaux ne d\u00e9passent pas 4 ou 5. Les cas les plus complexes (a\u00e9ronautique, \u00e9lectronique, automobile) atteignent 13 \u00e0 15 niveaux.<\/p><strong><p style=\"text-align: center;\"><strong>Dans le choix d&rsquo;un logiciel de GPAO, le Low Level Code est un crit\u00e8re d\u00e9terminant<\/strong><\/p><\/strong>\nArticles virtuels (Fant\u00f4mes)\nLes articles virtuels (ou fant\u00f4mes) sont des compos\u00e9s qui permettent de structurer un produit complexe en sous-ensembles, sans pour autant donner lieu \u00e0 des ordres de fabrication, ce qui est le cas des sous-ensembles, ou semi-finis classiques.\n\nExemple : Au montage final de ce produit complexe (le bo\u00eetier de transmission d&rsquo;un char de combat !), le monteur doit fixer les canalisations du circuit hydraulique externe. Chaque tuyau se fixe individuellement \u00e0 un emplacement pr\u00e9vu. On d\u00e9fini un article virtuel \u00ab\u00a0Canalisations externes\u00a0\u00bb constitu\u00e9 de l&rsquo;ensemble des tuyaux \u00e0 fixer.<p>Cet article n&rsquo;existe pas car les tuyaux ne sont pas solidaires et ne constituent pas ensemble un article identifiable. Mais il est astucieux de le d\u00e9finir pour plusieurs raisons :&nbsp;<\/p><p><ul><li>&nbsp;La nomenclature est plus lisible&nbsp;<\/li><li>Les tuyaux sont fix\u00e9s sur le syst\u00e8me au m\u00eame moment, les magasiniers vont donc pr\u00e9parer une caisse contenant l&rsquo;article \u00ab\u00a0Canalisations externes\u00a0\u00bb pour faciliter le travail du monteur.&nbsp;<\/li><\/ul>Lors de la d\u00e9claration de l&rsquo;ordre de fabrication \u00ab\u00a0OF\u00a0\u00bb du compos\u00e9 de t\u00eate, ces sous-ensembles \u00ab\u00a0fant\u00f4mes\u00a0\u00bb, sont travers\u00e9s (d&rsquo;o\u00f9 leur nom !), et composants du fant\u00f4me sont remont\u00e9s au m\u00eame niveau que les autres composants de l&rsquo;ordre de fabrication. Le fant\u00f4me est donc un semi-fini, mais qui ne donne pas lieu \u00e0 la cr\u00e9ation d&rsquo;un sous-OF, ceci permet de limiter le nombre d&rsquo;ordre de fabrication (gain en gestion), tout en conservant une architecture de produit d\u00e9taill\u00e9e et bien hi\u00e9rarchis\u00e9e.&nbsp;<\/p><p>&nbsp;Une autre fonction du fant\u00f4me est de g\u00e9rer le remplacement d&rsquo;une r\u00e9f\u00e9rence par une autre par \u00e9puisement de la r\u00e9f\u00e9rence \u00e0 remplacer.\nPrenons un produit \u00ab\u00a0A\u00a0\u00bb qui doit \u00eatre remplac\u00e9 par \u00ab\u00a0B\u00a0\u00bb, \u00e0 concurrence du stock restant sur \u00ab\u00a0A\u00a0\u00bb. Il suffit de d\u00e9clarer \u00ab\u00a0A\u00a0\u00bb en fant\u00f4me et de le nomenclaturer avec \u00ab\u00a0B\u00a0\u00bb comme seul et unique composant. Tant que \u00ab\u00a0A\u00a0\u00bb est disponible en stock il est consomm\u00e9, d\u00e8s que \u00ab\u00a0A\u00a0\u00bb n&rsquo;est plus disponible en stock, c&rsquo;est \u00ab\u00a0B\u00a0\u00bb qui intervient \u00e0 sa place dans les ordres de fabrication o\u00f9 \u00ab\u00a0A\u00a0\u00bb \u00e9tait attendu en tant que composant de l&rsquo;ordre de fabrication.\nDe ce fait la transition se fait naturellement et pas avant d&rsquo;avoir un r\u00e9el besoin de remplacement.<br><\/p>\n\n\n","protected":false},"excerpt":{"rendered":"","protected":false},"author":1,"featured_media":0,"parent":0,"menu_order":0,"comment_status":"closed","ping_status":"closed","template":"","meta":{"pagelayer_contact_templates":[],"_pagelayer_content":"","footnotes":""},"class_list":["post-50","page","type-page","status-publish","hentry"],"_links":{"self":[{"href":"https:\/\/gpao-tunisie.o2splus.com.tn\/sage-tunisie\/wp-json\/wp\/v2\/pages\/50","targetHints":{"allow":["GET"]}}],"collection":[{"href":"https:\/\/gpao-tunisie.o2splus.com.tn\/sage-tunisie\/wp-json\/wp\/v2\/pages"}],"about":[{"href":"https:\/\/gpao-tunisie.o2splus.com.tn\/sage-tunisie\/wp-json\/wp\/v2\/types\/page"}],"author":[{"embeddable":true,"href":"https:\/\/gpao-tunisie.o2splus.com.tn\/sage-tunisie\/wp-json\/wp\/v2\/users\/1"}],"replies":[{"embeddable":true,"href":"https:\/\/gpao-tunisie.o2splus.com.tn\/sage-tunisie\/wp-json\/wp\/v2\/comments?post=50"}],"version-history":[{"count":6,"href":"https:\/\/gpao-tunisie.o2splus.com.tn\/sage-tunisie\/wp-json\/wp\/v2\/pages\/50\/revisions"}],"predecessor-version":[{"id":156,"href":"https:\/\/gpao-tunisie.o2splus.com.tn\/sage-tunisie\/wp-json\/wp\/v2\/pages\/50\/revisions\/156"}],"wp:attachment":[{"href":"https:\/\/gpao-tunisie.o2splus.com.tn\/sage-tunisie\/wp-json\/wp\/v2\/media?parent=50"}],"curies":[{"name":"wp","href":"https:\/\/api.w.org\/{rel}","templated":true}]}}