{"id":53,"date":"2021-09-07T14:58:41","date_gmt":"2021-09-07T14:58:41","guid":{"rendered":"https:\/\/gpao-tunisie.o2splus.com.tn\/sage-tunisie\/?page_id=53"},"modified":"2021-09-08T16:26:23","modified_gmt":"2021-09-08T16:26:23","slug":"les-gammes","status":"publish","type":"page","link":"https:\/\/gpao-tunisie.o2splus.com.tn\/sage-tunisie\/les-gammes\/","title":{"rendered":"Les gammes"},"content":{"rendered":"\n\n\n\nLES GAMMES\n\n\nCe chapitre comporte un exemple d&rsquo;application des gammes : les matrices de transit&nbsp;<p>La gamme de fabrication d&rsquo;un article est la liste ordonn\u00e9e des op\u00e9rations \u00e0 effectuer pour amener le produit dans son \u00e9tat final.\nLes op\u00e9rations de la gamme comportent :&nbsp;<\/p><p><ul><li>Le poste sur lequel doit se d\u00e9rouler la t\u00e2che&nbsp;<\/li><\/ul>Selon le niveau de pr\u00e9cision que l&rsquo;on souhaite obtenir au niveau de la charge d&rsquo;atelier, du calcul du co\u00fbt de fabrication, de la tra\u00e7abilit\u00e9 de la fabrication, le poste correspondra \u00e0 une machine, \u00e0 un groupe de machines homog\u00e8ne ou m\u00eame \u00e0 un atelier entier.&nbsp;<\/p><p><ul><li>Le temps fixe&nbsp;<\/li><\/ul>C&rsquo;est le temps n\u00e9cessaire pour pr\u00e9parer l&rsquo;op\u00e9ration (pr\u00e9paration du poste, r\u00e9glage, montage d&rsquo;outils&#8230;). Ce temps ne d\u00e9pend pas de la quantit\u00e9 \u00e0 produire.&nbsp;<\/p><p><ul><li>&nbsp;Le temps unitaire<\/li><\/ul>&nbsp;C&rsquo;est le temps n\u00e9cessaire pour fabriquer une pi\u00e8ce, une fois que le poste est pr\u00eat.&nbsp;<\/p><p><ul><li>&nbsp;Des commentaires&nbsp;<\/li><\/ul>La gamme op\u00e9ratoire est simplement un outil de gestion qui doit tr\u00e8s souvent \u00eatre accompagn\u00e9 d&rsquo;autres documents plus pr\u00e9cis et plus techniques (plan de d\u00e9tail, plan de montage, gamme d&rsquo;usinage, programme de machine \u00e0 commandes num\u00e9riques, la liste des outillages n\u00e9cessaires&#8230;)&nbsp;<\/p><p>Les commentaires peuvent donc \u00eatre utilis\u00e9s pour inventorier tous ces documents.<br><\/p>\nLes d\u00e9lais\nA l&rsquo;aide des gammes, il est possible de calculer un d\u00e9lai pour une quantit\u00e9 q de pi\u00e8ces \u00e0 produire<p>&nbsp;D(q) = (T_fixe_Op\u00e91 + q*T_unit_Op\u00e91 + T_fixe_Op\u00e92 + q*T_unit_Op\u00e92 + &#8230;)*k&nbsp;<\/p><p>&nbsp;Avec l&rsquo;exemple pr\u00e9c\u00e9dent pour 12 pi\u00e8ces \u00e0 fabriquer et un coefficient de 1.3, soit une majoration de 30%, on a&nbsp;<\/p><p>&nbsp;D(12) = (0.35 + 12*0.0303 + 0.30 + 12*0.0900 + 0.00 + 12*0.0100 + 0.60 + 12*0.0350 + 0.00 + 12*0.0000)*1.3 = 4.20 Heures&nbsp;<\/p><p>&nbsp;Bien que cette formule soit rapide (et largement employ\u00e9e dans les logiciels de gestion de production) elle doit \u00eatre utilis\u00e9e avec pr\u00e9caution car elle ne tient pas compte de nombreux ph\u00e9nom\u00e8nes r\u00e9els qui perturbent cette \u00e9quation id\u00e9ale.\n\nToute la difficult\u00e9 dans le calcul des d\u00e9lais se situe dans l&rsquo;\u00e9valuation du coefficient k.<\/p><p><br><\/p><strong>\n<span style=\"font-family:Arial;\">Ph\u00e9nom\u00e8nes donnant k&lt;1<\/span><\/strong><p><strong><\/strong><\/p><ul><li>Succession de plusieurs fabrications avec les m\u00eames r\u00e9glages machine : on peut supprimer du d\u00e9lai tous les temps de r\u00e9glage et de pr\u00e9paration de poste.<\/li><li>&nbsp;Chevauchement d&rsquo;op\u00e9rations : pour certaines fabrications en s\u00e9rie, l&rsquo;op\u00e9ration N+1 peut commencer avant que l&rsquo;op\u00e9ration N soit termin\u00e9e.<\/li><\/ul><strong><i><\/i><\/strong><strong><i><\/i><\/strong><strong>\nPh\u00e9nom\u00e8nes donnant k&gt;1&nbsp;<\/strong><p><ul><li>Dur\u00e9e ou fr\u00e9quence exceptionnelle de panne du poste (panne machine, manque de personnel&#8230;)&nbsp;<\/li><li>Temps d&rsquo;attente : attente d&rsquo;un composant pour r\u00e9aliser l&rsquo;op\u00e9ration, attente de la lib\u00e9ration du poste.&nbsp;<\/li><li>Probl\u00e8mes de surface de stockage, probl\u00e8me de transitique&nbsp;<\/li><\/ul><p><br><\/p>Pour calculer le d\u00e9lai, d&rsquo;autres m\u00e9thodes sont possibles :&nbsp;<\/p><p><ul><li>&nbsp;L&rsquo;exploitation de l&rsquo;exp\u00e9rience&nbsp;<\/li><li>L&rsquo;exploitation d&rsquo;un mod\u00e8le de simulation d&rsquo;atelier \u00e0 l&rsquo;aide d&rsquo;un logiciel sp\u00e9cifique&nbsp;<\/li><\/ul><p><i><br><\/i><\/p><i>Note :<\/i> la gamme op\u00e9ratoire, plus encore que la nomenclature est outil \u00ab\u00a0corporatiste\u00a0\u00bb qui prend des formes diff\u00e9rentes dans chaque m\u00e9tier. Ainsi dans la coutellerie, les op\u00e9rations sont appel\u00e9es des rangs. Cependant, les gammes de fabrication telles qu&rsquo;elles sont employ\u00e9es dans l&rsquo;industrie automobile et la m\u00e9canique g\u00e9n\u00e9rale sont largement applicables.&nbsp;<\/p><p><i><br><\/i><\/p><p><i>Note sur les temps d&rsquo;attente :<\/i> il ne faut surtout pas pr\u00e9voir les temps d&rsquo;attente dans la gamme ! Les temps d&rsquo;attente sont une cons\u00e9quence issue des ph\u00e9nom\u00e8nes perturbateurs comme l&rsquo;absence d&rsquo;un composant ou l&rsquo;indisponibilit\u00e9 d&rsquo;un poste. C&rsquo;est la planification qui doit mettre en \u00e9vidence ces temps d&rsquo;inactivit\u00e9.<br><\/p>\n\n\n","protected":false},"excerpt":{"rendered":"","protected":false},"author":1,"featured_media":0,"parent":0,"menu_order":0,"comment_status":"closed","ping_status":"closed","template":"","meta":{"pagelayer_contact_templates":[],"_pagelayer_content":"","footnotes":""},"class_list":["post-53","page","type-page","status-publish","hentry"],"_links":{"self":[{"href":"https:\/\/gpao-tunisie.o2splus.com.tn\/sage-tunisie\/wp-json\/wp\/v2\/pages\/53","targetHints":{"allow":["GET"]}}],"collection":[{"href":"https:\/\/gpao-tunisie.o2splus.com.tn\/sage-tunisie\/wp-json\/wp\/v2\/pages"}],"about":[{"href":"https:\/\/gpao-tunisie.o2splus.com.tn\/sage-tunisie\/wp-json\/wp\/v2\/types\/page"}],"author":[{"embeddable":true,"href":"https:\/\/gpao-tunisie.o2splus.com.tn\/sage-tunisie\/wp-json\/wp\/v2\/users\/1"}],"replies":[{"embeddable":true,"href":"https:\/\/gpao-tunisie.o2splus.com.tn\/sage-tunisie\/wp-json\/wp\/v2\/comments?post=53"}],"version-history":[{"count":4,"href":"https:\/\/gpao-tunisie.o2splus.com.tn\/sage-tunisie\/wp-json\/wp\/v2\/pages\/53\/revisions"}],"predecessor-version":[{"id":159,"href":"https:\/\/gpao-tunisie.o2splus.com.tn\/sage-tunisie\/wp-json\/wp\/v2\/pages\/53\/revisions\/159"}],"wp:attachment":[{"href":"https:\/\/gpao-tunisie.o2splus.com.tn\/sage-tunisie\/wp-json\/wp\/v2\/media?parent=53"}],"curies":[{"name":"wp","href":"https:\/\/api.w.org\/{rel}","templated":true}]}}