{"id":65,"date":"2021-09-07T15:00:04","date_gmt":"2021-09-07T15:00:04","guid":{"rendered":"https:\/\/gpao-tunisie.o2splus.com.tn\/sage-tunisie\/?page_id=65"},"modified":"2021-09-10T10:57:15","modified_gmt":"2021-09-10T10:57:15","slug":"la-planification","status":"publish","type":"page","link":"https:\/\/gpao-tunisie.o2splus.com.tn\/sage-tunisie\/la-planification\/","title":{"rendered":"La planification"},"content":{"rendered":"\n\n\n\nLA PLANIFICATION\n\n<em>Pr\u00e9requis pour ce chapitre : <a href=\"https:\/\/gpao-tunisie.o2splus.com.tn\/sage-tunisie\/les-gammes\/\">les gammes de fabrication<\/a><\/em>&nbsp;<div><br><\/div><div>La planification est la pr\u00e9vision du passage des op\u00e9rations sur les postes de charge. Elle permet de d\u00e9terminer la charge pr\u00e9visionnelle sur les postes ainsi que les dates pr\u00e9vues de d\u00e9but et de fin des op\u00e9rations. Ici on ne parlera pas d&rsquo;ordonnancement, c&rsquo;est \u00e0 dire l&rsquo;optimisation de l&rsquo;ordre de passage des op\u00e9rations.<\/div>\n\nCapacit\u00e9 infinie et capacit\u00e9 finie\nEn capacit\u00e9 infinie, chaque op\u00e9ration se planifie en ignorant la charge provoqu\u00e9e par les autres op\u00e9rations.\n\nExemple&nbsp;<div>Un poste de charge a un temps d&rsquo;ouverture de huit heures par jour.&nbsp;<\/div><div>La charge pour l&rsquo;op\u00e9ration 1 correspond \u00e0 10 heures d&rsquo;occupation pour ce poste&nbsp;<\/div><div>La charge pour l&rsquo;op\u00e9ration 2 correspond \u00e0 13 heures d&rsquo;occupation pour ce poste<\/div>\n\nEn capacit\u00e9 infinie, le syst\u00e8me peut planifier les deux OF en prenant le jour J comme date de d\u00e9but.<div>&nbsp;Avec cette m\u00e9thode, il n&rsquo;est pas surprenant de trouver des taux d&rsquo;occupation de 800 ou 900 %.&nbsp;<\/div><div><br><\/div><div>L&rsquo;int\u00e9r\u00eat de cette planification (qui pr\u00e9sente des incoh\u00e9rences avec la r\u00e9alit\u00e9) est justement de d\u00e9tecter les surcharges sur les poste si la planification devait respecter strictement les d\u00e9lais demand\u00e9s.&nbsp;<\/div><div><br><\/div><div>En revanche, la planification \u00e0 capacit\u00e9 finie exclut les configurations qui pr\u00e9sentent des charges de poste sup\u00e9rieures \u00e0 100 %.&nbsp;<\/div><div>Cela implique de d\u00e9caler des dates d&rsquo;OF ou de modifier la capacit\u00e9 des postes (voir le paragraphe sur les lissages).<br><\/div>\n\nPlanification au plus t\u00f4t ou auLissage en parall\u00e8le et lissage en s\u00e9rie\nplus tard\n<span style=\"color:#0047b2;\">Planification au plus t\u00f4t<\/span><div>Avec cette m\u00e9thode, on part de la date du jour ou de la date sp\u00e9cifi\u00e9e de \u00ab\u00a0d\u00e9but au plus t\u00f4t\u00a0\u00bb et on calcule \u00e0 partir de l\u00e0 la date de fin d&rsquo;op\u00e9ration.<\/div>\n\n<span style=\"color:#0047b2;\">Planification au plus tard<\/span>&nbsp;<div>Cette m\u00e9thode consiste \u00e0 fixer d&rsquo;abord la date de fin d&rsquo;op\u00e9ration pour trouver la date de d\u00e9but d&rsquo;op\u00e9ration.<\/div>\n\n\nPlanification au plus t\u00f4t ou au plus tard\nLe lissage de charge consiste \u00e0 \u00e9liminer les surcharges issues d&rsquo;une premi\u00e8re planification en capacit\u00e9 infinie. Une action possible dans le lissage de charge est le lissage dit en \u00ab\u00a0parall\u00e8le\u00a0\u00bb. C&rsquo;est \u00e0 dire, qu&rsquo;en cas de surcharge de poste, on affectera la charge \u00e0 un poste \u00e9quivalent pour l&rsquo;op\u00e9ration.&nbsp;<div><br><\/div><div>C&rsquo;est pourquoi il est int\u00e9ressant de regrouper au pr\u00e9alable les postes de charge dans des familles de postes interchangeables. Une fois ce regroupement effectu\u00e9, on pourra substituer au poste surcharg\u00e9 un poste de la m\u00eame famille.&nbsp;<\/div><div><br><\/div><div>Si tous les postes d&rsquo;une m\u00eame famille de postes interchangeables sont surcharg\u00e9s sur une p\u00e9riode donn\u00e9e, cela signifie que seul le lissage \u00ab\u00a0en s\u00e9rie\u00a0\u00bb (d\u00e9calage dans le temps de l&rsquo;op\u00e9ration) pourra annuler la surcharge.<\/div>\n\n\n","protected":false},"excerpt":{"rendered":"","protected":false},"author":1,"featured_media":0,"parent":0,"menu_order":0,"comment_status":"closed","ping_status":"closed","template":"","meta":{"pagelayer_contact_templates":[],"_pagelayer_content":"","footnotes":""},"class_list":["post-65","page","type-page","status-publish","hentry"],"_links":{"self":[{"href":"https:\/\/gpao-tunisie.o2splus.com.tn\/sage-tunisie\/wp-json\/wp\/v2\/pages\/65","targetHints":{"allow":["GET"]}}],"collection":[{"href":"https:\/\/gpao-tunisie.o2splus.com.tn\/sage-tunisie\/wp-json\/wp\/v2\/pages"}],"about":[{"href":"https:\/\/gpao-tunisie.o2splus.com.tn\/sage-tunisie\/wp-json\/wp\/v2\/types\/page"}],"author":[{"embeddable":true,"href":"https:\/\/gpao-tunisie.o2splus.com.tn\/sage-tunisie\/wp-json\/wp\/v2\/users\/1"}],"replies":[{"embeddable":true,"href":"https:\/\/gpao-tunisie.o2splus.com.tn\/sage-tunisie\/wp-json\/wp\/v2\/comments?post=65"}],"version-history":[{"count":8,"href":"https:\/\/gpao-tunisie.o2splus.com.tn\/sage-tunisie\/wp-json\/wp\/v2\/pages\/65\/revisions"}],"predecessor-version":[{"id":259,"href":"https:\/\/gpao-tunisie.o2splus.com.tn\/sage-tunisie\/wp-json\/wp\/v2\/pages\/65\/revisions\/259"}],"wp:attachment":[{"href":"https:\/\/gpao-tunisie.o2splus.com.tn\/sage-tunisie\/wp-json\/wp\/v2\/media?parent=65"}],"curies":[{"name":"wp","href":"https:\/\/api.w.org\/{rel}","templated":true}]}}