{"id":68,"date":"2021-09-07T15:00:31","date_gmt":"2021-09-07T15:00:31","guid":{"rendered":"https:\/\/gpao-tunisie.o2splus.com.tn\/sage-tunisie\/?page_id=68"},"modified":"2021-09-10T13:24:48","modified_gmt":"2021-09-10T13:24:48","slug":"la-boucle-cbn-planification","status":"publish","type":"page","link":"https:\/\/gpao-tunisie.o2splus.com.tn\/sage-tunisie\/la-boucle-cbn-planification\/","title":{"rendered":"La boucle CBN planification"},"content":{"rendered":"\n\n\n\nLA BOUCLE CBN-PLANIFICATION\n\nPr\u00e9requis pour ce chapitre : <a href=\"https:\/\/gpao-tunisie.o2splus.com.tn\/sage-tunisie\/le-calcul-des-besoins\/\">le calcul des besoin<\/a>, <a href=\"https:\/\/gpao-tunisie.o2splus.com.tn\/sage-tunisie\/la-planification\/\">la planification<\/a>\n\nLe respect des d\u00e9lais\nL&rsquo;obtention du respect des d\u00e9lais de livraison est soumise \u00e0 tous les al\u00e9as perturbateurs de la bonne gestion et de la qualit\u00e9 de la fabrication. Parmi ces contraintes, on peut noter en particulier deux ph\u00e9nom\u00e8nes fr\u00e9quents :&nbsp;<p><ul><li>la non-disponibilit\u00e9 d&rsquo;un produit qui entre dans la composition d&rsquo;un article fabriqu\u00e9&nbsp;<\/li><li>la non-diponobilit\u00e9 d&rsquo;un moyen de production n\u00e9cessaire \u00e0 l&rsquo;obtention d&rsquo;un produit fabriqu\u00e9&nbsp;<\/li><\/ul>Si les d\u00e9lais de livraison des fournisseurs et si les d\u00e9lais de fabrication des produits interm\u00e9diaires (semi-finis) sont respect\u00e9s, l&rsquo;utilisation du CBN doit th\u00e9oriquement permettre de contrer le premier ph\u00e9nom\u00e8ne puisque l&rsquo;approvisionnement des composants est anticip\u00e9 en fonction des besoins.&nbsp;<\/p><p><br><\/p><p>&nbsp;Pour le second point, la planification permet d&rsquo;anticiper la surcharge des moyens de production et si toutes les actions possibles pour \u00e9liminer les surcharges sont mises en oeuvres, le second ph\u00e9nom\u00e8ne perturbateur doit th\u00e9oriquement \u00eatre \u00e9limin\u00e9.&nbsp;<\/p><p><br><\/p><p>&nbsp;L&rsquo;utilisation de ces deux outils CBN et planification \u00e9limine donc les deux prinicipaux \u00e9v\u00e8nements susceptibles de provoquer le retard de livraison.<br><\/p>\n\n<h2 style=\"background-image: initial; background-position: initial; background-size: initial; background-repeat: initial; background-attachment: initial; background-origin: initial; background-clip: initial; font-size: 12pt; padding: 5px; border-bottom: medium solid rgb(128, 152, 176); color: rgb(0, 0, 0); font-family: &quot;Trebuchet MS&quot;, Arial, Helvetica, sans-serif; letter-spacing: normal; text-align: justify; text-transform: none; text-decoration-style: initial;\">La boucle CBN &#8211; Planification<\/h2>\nPlusieurs articluations entre ces deux outils sont possibles :&nbsp;<p><ul><li>CBN et planification \u00e9voluent ind\u00e9pendamment l&rsquo;un de l&rsquo;autre. Le CBN ne tient pas compte de la charge de l&rsquo;atelier et la planification ne tient pas compte des d\u00e9lais propos\u00e9s par le CBN&nbsp;<\/li><li>La planification est pr\u00e9dominante. Le calcul des besoins tient compte de la charge de l&rsquo;atelier et ajuste ses propositions en fonction des r\u00e9sultats de la planification&nbsp;<\/li><li>Le CBN est pr\u00e9dominant. La planification s&rsquo;appuie sur les propositions du CBN&nbsp;<\/li><\/ul><p><br><\/p>La troisi\u00e8me possibilit\u00e9 est semblablement la plus robuste et la plus applicable en PME. Le sch\u00e9ma suivant illustre la planification au plus t\u00f4t d&rsquo;une propostion issue du calcul des besoins<br><\/p>\n\n\n\n","protected":false},"excerpt":{"rendered":"","protected":false},"author":1,"featured_media":0,"parent":0,"menu_order":0,"comment_status":"closed","ping_status":"closed","template":"","meta":{"pagelayer_contact_templates":[],"_pagelayer_content":"","footnotes":""},"class_list":["post-68","page","type-page","status-publish","hentry"],"_links":{"self":[{"href":"https:\/\/gpao-tunisie.o2splus.com.tn\/sage-tunisie\/wp-json\/wp\/v2\/pages\/68","targetHints":{"allow":["GET"]}}],"collection":[{"href":"https:\/\/gpao-tunisie.o2splus.com.tn\/sage-tunisie\/wp-json\/wp\/v2\/pages"}],"about":[{"href":"https:\/\/gpao-tunisie.o2splus.com.tn\/sage-tunisie\/wp-json\/wp\/v2\/types\/page"}],"author":[{"embeddable":true,"href":"https:\/\/gpao-tunisie.o2splus.com.tn\/sage-tunisie\/wp-json\/wp\/v2\/users\/1"}],"replies":[{"embeddable":true,"href":"https:\/\/gpao-tunisie.o2splus.com.tn\/sage-tunisie\/wp-json\/wp\/v2\/comments?post=68"}],"version-history":[{"count":4,"href":"https:\/\/gpao-tunisie.o2splus.com.tn\/sage-tunisie\/wp-json\/wp\/v2\/pages\/68\/revisions"}],"predecessor-version":[{"id":263,"href":"https:\/\/gpao-tunisie.o2splus.com.tn\/sage-tunisie\/wp-json\/wp\/v2\/pages\/68\/revisions\/263"}],"wp:attachment":[{"href":"https:\/\/gpao-tunisie.o2splus.com.tn\/sage-tunisie\/wp-json\/wp\/v2\/media?parent=68"}],"curies":[{"name":"wp","href":"https:\/\/api.w.org\/{rel}","templated":true}]}}