{"id":71,"date":"2021-09-07T15:00:50","date_gmt":"2021-09-07T15:00:50","guid":{"rendered":"https:\/\/gpao-tunisie.o2splus.com.tn\/sage-tunisie\/?page_id=71"},"modified":"2021-09-10T13:31:12","modified_gmt":"2021-09-10T13:31:12","slug":"les-sgdt","status":"publish","type":"page","link":"https:\/\/gpao-tunisie.o2splus.com.tn\/sage-tunisie\/les-sgdt\/","title":{"rendered":"Les SGDT"},"content":{"rendered":"\n\n\n\nLA GPAO ET LES SGDT\n\n\nLes SGDT (syst\u00e8mes de gestion des donn\u00e9es techniques) sont des outils int\u00e9gr\u00e9s permettant de consolider et de redistribuer l&rsquo;ensemble du patrimoine informationnel d&rsquo;un produit, \u00e0 d\u00e9finir, concevoir, fabriquer et maintenir, et d&rsquo;en structurer et contr\u00f4ler les donn\u00e9es techniques, leur \u00e9volution et leur distribution.&nbsp;<p>&nbsp;La GPAO ne g\u00e8re pas :&nbsp;<\/p><p><ul><li>les plans \u00e0 consulter (plans de d\u00e9tail pour usinage ou assemblage, &#8230;)&nbsp;<\/li><li>les sp\u00e9cifications de fabrication et de contr\u00f4le&nbsp;<\/li><li>la r\u00e9f\u00e9rence des programmes CN \u00e0 utiliser&nbsp;<\/li><li>les documents mod\u00e8les de feuilles de relev\u00e9 de mesure&nbsp;<\/li><li>les renseignements \u00e0 stocker pour le futur dossier qualit\u00e9&nbsp;<\/li><li>les notices relatives au compos\u00e9&nbsp;<\/li><\/ul><p><br><\/p>Ce n&rsquo;est pas compatible avec les exigences de la certification Assurance Qualit\u00e9 ISO9000 !&nbsp;<\/p><p><br><\/p><p>&nbsp;Les SGDT r\u00e9solvent ce probl\u00e8me en \u00e9tendant les donn\u00e9es relatives \u00e0 un article de la GPAO en super-codification ou m\u00e9tadata. Les informations sont class\u00e9es par nature : composant physique, plan, document qualit\u00e9&#8230;&nbsp;<\/p><p>La GPAO n&rsquo;a besoin que d&rsquo;utiliser une seule nature : celle des composants physiques.&nbsp;<\/p><p><em>Une PME constitu\u00e9e de 100 salari\u00e9s ou plus devra sans doute s&rsquo;\u00e9quiper d&rsquo;un SGDT afin de soutenir la GPAO.<\/em><br><\/p>\n\nLes principaux interlocuteurs du SGDT\n<span style=\"color:#0047b2;\">CAO &#8211; DAO&nbsp;<div><\/div><\/span><div>Le SGDT permet de discipliner les \u00e9changes entre les diff\u00e9rents sites d&rsquo;\u00e9tude (concurrent engineering) et de structurer le stockage informatique des plans du bureau d&rsquo;\u00e9tude.&nbsp;<\/div><div><br><\/div><span style=\"color:#0047b2;\"><div>Commercial &#8211; Etude&nbsp;<\/div><div><\/div><\/span><div>Les premi\u00e8res informations r\u00e9f\u00e9renc\u00e9es sont forg\u00e9es par le commercial et les \u00e9tudes, donc le SGDT est utile d\u00e8s ce stade.&nbsp;<\/div><div><br><\/div><span style=\"color:#0047b2;\"><div>GPAO&nbsp;<\/div><div><\/div><\/span><div>Une GPAO est n\u00e9cessaire au moment de la fabrication : calcul des besoins, ordonnancement, gestion du stock.<\/div>\n\n\n","protected":false},"excerpt":{"rendered":"","protected":false},"author":1,"featured_media":0,"parent":0,"menu_order":0,"comment_status":"closed","ping_status":"closed","template":"","meta":{"pagelayer_contact_templates":[],"_pagelayer_content":"","footnotes":""},"class_list":["post-71","page","type-page","status-publish","hentry"],"_links":{"self":[{"href":"https:\/\/gpao-tunisie.o2splus.com.tn\/sage-tunisie\/wp-json\/wp\/v2\/pages\/71","targetHints":{"allow":["GET"]}}],"collection":[{"href":"https:\/\/gpao-tunisie.o2splus.com.tn\/sage-tunisie\/wp-json\/wp\/v2\/pages"}],"about":[{"href":"https:\/\/gpao-tunisie.o2splus.com.tn\/sage-tunisie\/wp-json\/wp\/v2\/types\/page"}],"author":[{"embeddable":true,"href":"https:\/\/gpao-tunisie.o2splus.com.tn\/sage-tunisie\/wp-json\/wp\/v2\/users\/1"}],"replies":[{"embeddable":true,"href":"https:\/\/gpao-tunisie.o2splus.com.tn\/sage-tunisie\/wp-json\/wp\/v2\/comments?post=71"}],"version-history":[{"count":4,"href":"https:\/\/gpao-tunisie.o2splus.com.tn\/sage-tunisie\/wp-json\/wp\/v2\/pages\/71\/revisions"}],"predecessor-version":[{"id":266,"href":"https:\/\/gpao-tunisie.o2splus.com.tn\/sage-tunisie\/wp-json\/wp\/v2\/pages\/71\/revisions\/266"}],"wp:attachment":[{"href":"https:\/\/gpao-tunisie.o2splus.com.tn\/sage-tunisie\/wp-json\/wp\/v2\/media?parent=71"}],"curies":[{"name":"wp","href":"https:\/\/api.w.org\/{rel}","templated":true}]}}