{"id":74,"date":"2021-09-07T15:01:12","date_gmt":"2021-09-07T15:01:12","guid":{"rendered":"https:\/\/gpao-tunisie.o2splus.com.tn\/sage-tunisie\/?page_id=74"},"modified":"2021-09-10T13:42:18","modified_gmt":"2021-09-10T13:42:18","slug":"les-configurateurs","status":"publish","type":"page","link":"https:\/\/gpao-tunisie.o2splus.com.tn\/sage-tunisie\/les-configurateurs\/","title":{"rendered":"Les configurateurs"},"content":{"rendered":"\n\n\n\nLES CONFIGURATEURS\n\n\nL&rsquo;objectif d&rsquo;un configurateur \u00e0 options et variantes est de permettre aux entreprises travaillant \u00e0 la commande et fabriquant des produits manufactur\u00e9s, de mieux ma\u00eetriser la configuration de leurs produits et d&rsquo;\u00e9tablir rapidement leurs propositions techniques et financi\u00e8res avec g\u00e9n\u00e9rations des donn\u00e9es techniques (<a href=\"https:\/\/gpao-tunisie.o2splus.com.tn\/sage-tunisie\/les-nomenclatures\/\">nomenclatures<\/a>, <a href=\"https:\/\/gpao-tunisie.o2splus.com.tn\/sage-tunisie\/les-gammes\/\">gammes<\/a> et <a href=\"https:\/\/gpao-tunisie.o2splus.com.tn\/sage-tunisie\/les-articles\/\">fiches techniques<\/a>) pour la production.&nbsp;<p><br><\/p><p>Plus que pr\u00e9conis\u00e9, l&#8217;emploi d&rsquo;un configurateur est obligatoire lorsque le produit final est le conditionn\u00e9 par un ensemble de choix d&rsquo;options et\/ou de variantes. Pour ces produits,<a href=\"https:\/\/gpao-tunisie.o2splus.com.tn\/sage-tunisie\/les-articles\/\"> la codification de l&rsquo;article<\/a>, le calcul du prix ainsi que la r\u00e9daction des <a href=\"https:\/\/gpao-tunisie.o2splus.com.tn\/sage-tunisie\/les-nomenclatures\/\">nomenclatures<\/a> et des <a href=\"https:\/\/gpao-tunisie.o2splus.com.tn\/sage-tunisie\/les-gammes\/\">gammes<\/a> sont des t\u00e2ches fastidieuses et il est imp\u00e9ratif de les automatiser \u00e0 l&rsquo;aide du configurateur.<\/p>\n\nExemple\nChez un fabricant de canap\u00e9s, le produit final r\u00e9sulte du choix d&rsquo;un mod\u00e8le, d&rsquo;un rev\u00eatement et de son coloris.&nbsp;<p><strong><br><\/strong><\/p><p><strong>Variante 1 (Choix du Mod\u00e8le)&nbsp;<\/strong><\/p><p>Choix 1 : Mod\u00e8le \u00ab\u00a0DISCO\u00a0\u00bb&nbsp;<\/p><p>Choix 2 : Mod\u00e8le \u00ab\u00a0NAPOLEON\u00a0\u00bb&nbsp;<\/p><p>Choix 3 : Mod\u00e8le \u00ab\u00a0SAINT EXUPERY\u00a0\u00bb&nbsp;<\/p><p>Choix 4 : Mod\u00e8le \u00ab\u00a0FARWEST\u00a0\u00bb&nbsp;<\/p><p><br><\/p><p><strong>Variante 2 (Choix du rev\u00eatement en fonction du mod\u00e8le)&nbsp;<\/strong><\/p><p>Choix 1<strong> :<\/strong> Cuir \u00ab\u00a0Kansas\u00a0\u00bb&nbsp;<\/p><p>Choix 2 : Cuir \u00ab\u00a0Texas\u00a0\u00bb&nbsp;<\/p><p>Choix 3 : Tissu Motifs Carreaux&nbsp;<\/p><p>Choix 3 : Cuir \u00ab\u00a0Western\u00a0\u00bb&nbsp;<\/p><p><br><\/p><p><strong>Variante 3 (Choix du coloris en fonction du rev\u00eatement choisi)&nbsp;<\/strong><\/p><p>Choix 1 :<strong> <\/strong>Cuir \u00ab\u00a0Kansas\u00a0\u00bb &#8211; Coloris \u00ab\u00a0CowBoy\u00a0\u00bb&nbsp;<\/p><p>Choix 1 : Cuir \u00ab\u00a0Kansas\u00a0\u00bb &#8211; Coloris \u00ab\u00a0Prairie\u00a0\u00bb&nbsp;<\/p><p>Choix 1 : Cuir \u00ab\u00a0Kansas\u00a0\u00bb &#8211; Coloris \u00ab\u00a0Saloon\u00a0\u00bb&nbsp;<\/p><p><strong><br><\/strong><\/p><p><strong>Option 1 (Une option est un choix optionnel. Plusieurs choix sont possibles)<\/strong>&nbsp;<\/p><p>Choix 1 : Pieds m\u00e9tal bross\u00e9&nbsp;<\/p><p>Choix 2 : Oreiller assorti &#8211; Quantit\u00e9 d&rsquo;oreillers&nbsp;<\/p><p>Choix 3 : Repose-pieds assorti &#8211; Quantit\u00e9 de repose-pieds&nbsp;<\/p><p><br><\/p><p>&nbsp;A la validation de ces choix, le syst\u00e8me g\u00e9n\u00e8re le code article du produit fini, la nomenclature et la gamme.<\/p>\n\n\n","protected":false},"excerpt":{"rendered":"","protected":false},"author":1,"featured_media":0,"parent":0,"menu_order":0,"comment_status":"closed","ping_status":"closed","template":"","meta":{"pagelayer_contact_templates":[],"_pagelayer_content":"","footnotes":""},"class_list":["post-74","page","type-page","status-publish","hentry"],"_links":{"self":[{"href":"https:\/\/gpao-tunisie.o2splus.com.tn\/sage-tunisie\/wp-json\/wp\/v2\/pages\/74","targetHints":{"allow":["GET"]}}],"collection":[{"href":"https:\/\/gpao-tunisie.o2splus.com.tn\/sage-tunisie\/wp-json\/wp\/v2\/pages"}],"about":[{"href":"https:\/\/gpao-tunisie.o2splus.com.tn\/sage-tunisie\/wp-json\/wp\/v2\/types\/page"}],"author":[{"embeddable":true,"href":"https:\/\/gpao-tunisie.o2splus.com.tn\/sage-tunisie\/wp-json\/wp\/v2\/users\/1"}],"replies":[{"embeddable":true,"href":"https:\/\/gpao-tunisie.o2splus.com.tn\/sage-tunisie\/wp-json\/wp\/v2\/comments?post=74"}],"version-history":[{"count":4,"href":"https:\/\/gpao-tunisie.o2splus.com.tn\/sage-tunisie\/wp-json\/wp\/v2\/pages\/74\/revisions"}],"predecessor-version":[{"id":269,"href":"https:\/\/gpao-tunisie.o2splus.com.tn\/sage-tunisie\/wp-json\/wp\/v2\/pages\/74\/revisions\/269"}],"wp:attachment":[{"href":"https:\/\/gpao-tunisie.o2splus.com.tn\/sage-tunisie\/wp-json\/wp\/v2\/media?parent=74"}],"curies":[{"name":"wp","href":"https:\/\/api.w.org\/{rel}","templated":true}]}}